{"id":3212,"date":"2020-02-25T00:17:06","date_gmt":"2020-02-24T22:17:06","guid":{"rendered":"https:\/\/amitec.ee\/?page_id=3212"},"modified":"2020-04-29T13:00:07","modified_gmt":"2020-04-29T10:00:07","slug":"prosessiputkitukset","status":"publish","type":"page","link":"https:\/\/amitec.ee\/fi\/prosessiputkitukset\/","title":{"rendered":"Prosessiputkitukset"},"content":{"rendered":"<p>[vc_row gap=&#8221;15&#8243; css=&#8221;.vc_custom_1586853103411{padding-bottom: 20px !important;}&#8221;][vc_column width=&#8221;1\/2&#8243;][vc_column_text css_animation=&#8221;fadeInLeft&#8221; css=&#8221;.vc_custom_1588154393124{margin-bottom: 15px !important;}&#8221;]<\/p>\n<h2>Prosessiputkitukset eri teollisuusalojen tarpeisiin<\/h2>\n<p><strong>Ydinosaamistamme ovat prosessiputkitukset, joissa palvelemme suunnittelusta asennukseen asti. Kokonaisvaltaisten projektitoimitusten lis\u00e4ksi toimitamme asiakkaillemme tuotantoprosessien eri vaiheissa tarvittavia laitteistoja.<\/strong><\/p>\n<p>Putkiston valmistus suoritetaan 97\/23\/EU PED\/EN mukaan ja t\u00e4ll\u00f6in putkistolle voidaan my\u00f6nt\u00e4\u00e4 CE-merkki. PED\/EN puolella meill\u00e4 on k\u00e4yt\u00f6ss\u00e4 sek\u00e4 putkistolle ett\u00e4 painelaitteille valmistusmoduulit aina G-moduuliin asti, joten mik\u00e4\u00e4n projekti ei ole liian vaativa meille. Keskitymme kuitenkin l\u00e4hinn\u00e4 HST\/RST tai vastaaviin (Duplex, SMO jne.) materiaaleihin.<\/p>\n<p>Hitsausten laadunhallinta meill\u00e4 on SFS 3884-3 mukainen ja suoritamme hitsaukset SFS 13480 standardiin perustuen.<\/p>\n<p><a href=\"https:\/\/amitec.ee\/fi\/laiteasennukset\/\">Laiteasennukset<\/a> usein t\u00e4ydent\u00e4v\u00e4t putkistoasennusprojektejamme ja voimme tarjota asiakaskunnallemme laajoja kokonaisuuksia.<\/p>\n<p><a href=\"https:\/\/amitec.ee\/fi\/yhteystiedot\/\">Otathan yhteytt\u00e4<\/a> jos haluat tehd\u00e4 yhteisty\u00f6t\u00e4 prosessiputkituksen ammattilaisen kanssa.[\/vc_column_text][\/vc_column][vc_column width=&#8221;1\/2&#8243;][vc_single_image image=&#8221;3343&#8243; img_size=&#8221;full&#8221; alignment=&#8221;center&#8221; css_animation=&#8221;fadeInRight&#8221;][\/vc_column][\/vc_row][vc_row gap=&#8221;15&#8243; css=&#8221;.vc_custom_1586853110824{padding-top: 20px !important;}&#8221;][vc_column width=&#8221;1\/2&#8243;][vc_single_image image=&#8221;3366&#8243; img_size=&#8221;full&#8221; alignment=&#8221;center&#8221; css_animation=&#8221;fadeInLeft&#8221;][\/vc_column][vc_column width=&#8221;1\/2&#8243;][vc_column_text css_animation=&#8221;fadeInRight&#8221; css=&#8221;.vc_custom_1586853066361{margin-bottom: 15px !important;}&#8221;]<\/p>\n<h3>Amitec Project takaa laadun<\/h3>\n<p><strong>Toimintaprosessimme sitoutuu alaa s\u00e4\u00e4televien lakien sek\u00e4 laatu-, ymp\u00e4rist\u00f6- ja turvallisuusj\u00e4rjestelmien vaatimusten mukaiseen toimintaan. N\u00e4in voimme luvata ett\u00e4 kaikki toiminta sek\u00e4 dokumentaatio on l\u00e4pin\u00e4kyv\u00e4\u00e4 ja ajantasaista.<\/strong><\/p>\n<p>Omalla toiminnallamme, laitteillamme ja palveluillamme haluamme edist\u00e4\u00e4 asiakasyritysten teollisten prosessien turvallisuustasoa sek\u00e4 laatua.<\/p>\n<p>Kehittyv\u00e4ss\u00e4 organisaatiossa tuotteiden ja palveluiden laatu, turvallisuus ja vaatimustenmukaisuus ovat ensiarvoisen t\u00e4rkeit\u00e4. Huolehtimalla, ett\u00e4 sertifikaatit ja tarvittavat laatuluokitukset ovat ajan tasalla pystymme esitt\u00e4m\u00e4\u00e4n luotettavaa todistetta siit\u00e4, ett\u00e4 toimimme asiakasl\u00e4ht\u00f6isesti ja j\u00e4rjestelm\u00e4llisesti laadun kehitt\u00e4misess\u00e4.<\/p>\n<p>Amitec Projectin hitsaava henkil\u00f6st\u00f6 on p\u00e4tev\u00f6itetty standardien SFS-EN 287-1 ja SFS-EN 1418 mukaisesti, sek\u00e4 kaikki yrityksen hitsausohjeet hyv\u00e4ksytetty standardin SFS-EN ISO 15614-1 + A1 + A2 mukaisin menettelyin.[\/vc_column_text][\/vc_column][\/vc_row][vc_row gap=&#8221;15&#8243; css=&#8221;.vc_custom_1586853617819{padding-top: 20px !important;}&#8221;][vc_column][vc_column_text css_animation=&#8221;none&#8221; css=&#8221;.vc_custom_1586853625094{margin-bottom: 25px !important;}&#8221;]<\/p>\n<h3 style=\"text-align: center;\">Ota yhteytt\u00e4 ja laitetaan prosessinne kuntoon<\/h3>\n<p style=\"text-align: center;\">Amitec Project tarjoaa ammattimaista palveluaan Eestiss\u00e4 ja Euroopassa. Ole yhteydess\u00e4 meihin, kun tarvitset kokenutta ja luotettavaa alan ammattilaista.<\/p>\n<p>[\/vc_column_text][vc_btn title=&#8221;Ota yhteytt\u00e4&#8221; style=&#8221;custom&#8221; custom_background=&#8221;#0089d0&#8243; custom_text=&#8221;#ffffff&#8221; shape=&#8221;square&#8221; size=&#8221;lg&#8221; align=&#8221;center&#8221; link=&#8221;url:https%3A%2F%2Famitec.ee%2Ffi%2Fyhteystiedot%2F|||&#8221;][\/vc_column][\/vc_row]<\/p>\n","protected":false},"excerpt":{"rendered":"<p>[vc_row gap=&#8221;15&#8243; css=&#8221;.vc_custom_1586853103411{padding-bottom: 20px !important;}&#8221;][vc_column width=&#8221;1\/2&#8243;][vc_column_text css_animation=&#8221;fadeInLeft&#8221; css=&#8221;.vc_custom_1588154393124{margin-bottom: 15px !important;}&#8221;] Prosessiputkitukset eri teollisuusalojen tarpeisiin Ydinosaamistamme ovat prosessiputkitukset, joissa palvelemme suunnittelusta asennukseen asti. Kokonaisvaltaisten projektitoimitusten lis\u00e4ksi toimitamme asiakkaillemme tuotantoprosessien eri vaiheissa tarvittavia laitteistoja. Putkiston valmistus suoritetaan 97\/23\/EU PED\/EN mukaan ja t\u00e4ll\u00f6in putkistolle voidaan my\u00f6nt\u00e4\u00e4 CE-merkki. PED\/EN puolella meill\u00e4 on k\u00e4yt\u00f6ss\u00e4 sek\u00e4 putkistolle ett\u00e4 painelaitteille valmistusmoduulit aina [&hellip;]<\/p>\n","protected":false},"author":8,"featured_media":0,"parent":0,"menu_order":0,"comment_status":"closed","ping_status":"closed","template":"","meta":{"footnotes":""},"yoast_head":"<!-- This site is optimized with the Yoast SEO plugin v22.1 - https:\/\/yoast.com\/wordpress\/plugins\/seo\/ -->\n<title>Prosessiputkitukset \/ Tuotantoprosessien laitteistot - Amitec Project O\u00dc<\/title>\n<meta name=\"description\" content=\"Ydinosaamistamme ovat prosessiputkitukset, joissa palvelemme suunnittelusta asennukseen asti. Lis\u00e4ksi toimitamme tuotantoprosessien laitteistoja.\" \/>\n<meta name=\"robots\" content=\"index, follow, max-snippet:-1, max-image-preview:large, max-video-preview:-1\" \/>\n<link rel=\"canonical\" href=\"https:\/\/amitec.ee\/protsessitorustikud\/\" \/>\n<meta property=\"og:locale\" content=\"fi_FI\" \/>\n<meta property=\"og:type\" content=\"article\" \/>\n<meta property=\"og:title\" content=\"Prosessiputkitukset \/ Tuotantoprosessien laitteistot - Amitec Project O\u00dc\" \/>\n<meta property=\"og:description\" content=\"Ydinosaamistamme ovat prosessiputkitukset, joissa palvelemme suunnittelusta asennukseen asti. Lis\u00e4ksi toimitamme tuotantoprosessien laitteistoja.\" \/>\n<meta property=\"og:url\" content=\"https:\/\/amitec.ee\/protsessitorustikud\/\" \/>\n<meta property=\"og:site_name\" content=\"Amitec Project\" \/>\n<meta property=\"article:publisher\" content=\"https:\/\/www.facebook.com\/AmitecTartu\/\" \/>\n<meta property=\"article:modified_time\" content=\"2020-04-29T10:00:07+00:00\" \/>\n<meta name=\"twitter:card\" content=\"summary_large_image\" \/>\n<meta name=\"twitter:label1\" content=\"Arvioitu lukuaika\" \/>\n\t<meta name=\"twitter:data1\" content=\"2 minuuttia\" \/>\n<script type=\"application\/ld+json\" class=\"yoast-schema-graph\">{\"@context\":\"https:\/\/schema.org\",\"@graph\":[{\"@type\":\"WebPage\",\"@id\":\"https:\/\/amitec.ee\/protsessitorustikud\/\",\"url\":\"https:\/\/amitec.ee\/protsessitorustikud\/\",\"name\":\"Prosessiputkitukset \/ Tuotantoprosessien laitteistot - Amitec Project O\u00dc\",\"isPartOf\":{\"@id\":\"https:\/\/amitec.ee\/#website\"},\"datePublished\":\"2020-02-24T22:17:06+00:00\",\"dateModified\":\"2020-04-29T10:00:07+00:00\",\"description\":\"Ydinosaamistamme ovat prosessiputkitukset, joissa palvelemme suunnittelusta asennukseen asti. Lis\u00e4ksi toimitamme tuotantoprosessien laitteistoja.\",\"breadcrumb\":{\"@id\":\"https:\/\/amitec.ee\/protsessitorustikud\/#breadcrumb\"},\"inLanguage\":\"fi\",\"potentialAction\":[{\"@type\":\"ReadAction\",\"target\":[\"https:\/\/amitec.ee\/protsessitorustikud\/\"]}]},{\"@type\":\"BreadcrumbList\",\"@id\":\"https:\/\/amitec.ee\/protsessitorustikud\/#breadcrumb\",\"itemListElement\":[{\"@type\":\"ListItem\",\"position\":1,\"name\":\"Home\",\"item\":\"https:\/\/amitec.ee\/fi\/\"},{\"@type\":\"ListItem\",\"position\":2,\"name\":\"Prosessiputkitukset\"}]},{\"@type\":\"WebSite\",\"@id\":\"https:\/\/amitec.ee\/#website\",\"url\":\"https:\/\/amitec.ee\/\",\"name\":\"Amitec Project\",\"description\":\"\",\"publisher\":{\"@id\":\"https:\/\/amitec.ee\/#organization\"},\"potentialAction\":[{\"@type\":\"SearchAction\",\"target\":{\"@type\":\"EntryPoint\",\"urlTemplate\":\"https:\/\/amitec.ee\/?s={search_term_string}\"},\"query-input\":\"required name=search_term_string\"}],\"inLanguage\":\"fi\"},{\"@type\":\"Organization\",\"@id\":\"https:\/\/amitec.ee\/#organization\",\"name\":\"Amitec Project O\u00dc\",\"url\":\"https:\/\/amitec.ee\/\",\"logo\":{\"@type\":\"ImageObject\",\"inLanguage\":\"fi\",\"@id\":\"https:\/\/amitec.ee\/#\/schema\/logo\/image\/\",\"url\":\"https:\/\/amitec.ee\/wp-content\/uploads\/2020\/04\/logo.png\",\"contentUrl\":\"https:\/\/amitec.ee\/wp-content\/uploads\/2020\/04\/logo.png\",\"width\":400,\"height\":67,\"caption\":\"Amitec Project O\u00dc\"},\"image\":{\"@id\":\"https:\/\/amitec.ee\/#\/schema\/logo\/image\/\"},\"sameAs\":[\"https:\/\/www.facebook.com\/AmitecTartu\/\",\"https:\/\/www.linkedin.com\/company\/amitec-project-o\u00fc\/\"]}]}<\/script>\n<!-- \/ Yoast SEO plugin. -->","yoast_head_json":{"title":"Prosessiputkitukset \/ Tuotantoprosessien laitteistot - Amitec Project O\u00dc","description":"Ydinosaamistamme ovat prosessiputkitukset, joissa palvelemme suunnittelusta asennukseen asti. Lis\u00e4ksi toimitamme tuotantoprosessien laitteistoja.","robots":{"index":"index","follow":"follow","max-snippet":"max-snippet:-1","max-image-preview":"max-image-preview:large","max-video-preview":"max-video-preview:-1"},"canonical":"https:\/\/amitec.ee\/protsessitorustikud\/","og_locale":"fi_FI","og_type":"article","og_title":"Prosessiputkitukset \/ Tuotantoprosessien laitteistot - Amitec Project O\u00dc","og_description":"Ydinosaamistamme ovat prosessiputkitukset, joissa palvelemme suunnittelusta asennukseen asti. Lis\u00e4ksi toimitamme tuotantoprosessien laitteistoja.","og_url":"https:\/\/amitec.ee\/protsessitorustikud\/","og_site_name":"Amitec Project","article_publisher":"https:\/\/www.facebook.com\/AmitecTartu\/","article_modified_time":"2020-04-29T10:00:07+00:00","twitter_card":"summary_large_image","twitter_misc":{"Arvioitu lukuaika":"2 minuuttia"},"schema":{"@context":"https:\/\/schema.org","@graph":[{"@type":"WebPage","@id":"https:\/\/amitec.ee\/protsessitorustikud\/","url":"https:\/\/amitec.ee\/protsessitorustikud\/","name":"Prosessiputkitukset \/ Tuotantoprosessien laitteistot - Amitec Project O\u00dc","isPartOf":{"@id":"https:\/\/amitec.ee\/#website"},"datePublished":"2020-02-24T22:17:06+00:00","dateModified":"2020-04-29T10:00:07+00:00","description":"Ydinosaamistamme ovat prosessiputkitukset, joissa palvelemme suunnittelusta asennukseen asti. Lis\u00e4ksi toimitamme tuotantoprosessien laitteistoja.","breadcrumb":{"@id":"https:\/\/amitec.ee\/protsessitorustikud\/#breadcrumb"},"inLanguage":"fi","potentialAction":[{"@type":"ReadAction","target":["https:\/\/amitec.ee\/protsessitorustikud\/"]}]},{"@type":"BreadcrumbList","@id":"https:\/\/amitec.ee\/protsessitorustikud\/#breadcrumb","itemListElement":[{"@type":"ListItem","position":1,"name":"Home","item":"https:\/\/amitec.ee\/fi\/"},{"@type":"ListItem","position":2,"name":"Prosessiputkitukset"}]},{"@type":"WebSite","@id":"https:\/\/amitec.ee\/#website","url":"https:\/\/amitec.ee\/","name":"Amitec Project","description":"","publisher":{"@id":"https:\/\/amitec.ee\/#organization"},"potentialAction":[{"@type":"SearchAction","target":{"@type":"EntryPoint","urlTemplate":"https:\/\/amitec.ee\/?s={search_term_string}"},"query-input":"required name=search_term_string"}],"inLanguage":"fi"},{"@type":"Organization","@id":"https:\/\/amitec.ee\/#organization","name":"Amitec Project O\u00dc","url":"https:\/\/amitec.ee\/","logo":{"@type":"ImageObject","inLanguage":"fi","@id":"https:\/\/amitec.ee\/#\/schema\/logo\/image\/","url":"https:\/\/amitec.ee\/wp-content\/uploads\/2020\/04\/logo.png","contentUrl":"https:\/\/amitec.ee\/wp-content\/uploads\/2020\/04\/logo.png","width":400,"height":67,"caption":"Amitec Project O\u00dc"},"image":{"@id":"https:\/\/amitec.ee\/#\/schema\/logo\/image\/"},"sameAs":["https:\/\/www.facebook.com\/AmitecTartu\/","https:\/\/www.linkedin.com\/company\/amitec-project-o\u00fc\/"]}]}},"_links":{"self":[{"href":"https:\/\/amitec.ee\/fi\/wp-json\/wp\/v2\/pages\/3212"}],"collection":[{"href":"https:\/\/amitec.ee\/fi\/wp-json\/wp\/v2\/pages"}],"about":[{"href":"https:\/\/amitec.ee\/fi\/wp-json\/wp\/v2\/types\/page"}],"author":[{"embeddable":true,"href":"https:\/\/amitec.ee\/fi\/wp-json\/wp\/v2\/users\/8"}],"replies":[{"embeddable":true,"href":"https:\/\/amitec.ee\/fi\/wp-json\/wp\/v2\/comments?post=3212"}],"version-history":[{"count":18,"href":"https:\/\/amitec.ee\/fi\/wp-json\/wp\/v2\/pages\/3212\/revisions"}],"predecessor-version":[{"id":3470,"href":"https:\/\/amitec.ee\/fi\/wp-json\/wp\/v2\/pages\/3212\/revisions\/3470"}],"wp:attachment":[{"href":"https:\/\/amitec.ee\/fi\/wp-json\/wp\/v2\/media?parent=3212"}],"curies":[{"name":"wp","href":"https:\/\/api.w.org\/{rel}","templated":true}]}}