{"id":3210,"date":"2020-02-25T00:16:44","date_gmt":"2020-02-24T22:16:44","guid":{"rendered":"https:\/\/amitec.ee\/?page_id=3210"},"modified":"2020-04-29T13:09:48","modified_gmt":"2020-04-29T10:09:48","slug":"koneistus","status":"publish","type":"page","link":"https:\/\/amitec.ee\/fi\/koneistus\/","title":{"rendered":"Koneistus"},"content":{"rendered":"<p>[vc_row gap=&#8221;15&#8243; css=&#8221;.vc_custom_1586853103411{padding-bottom: 20px !important;}&#8221;][vc_column width=&#8221;1\/2&#8243;][vc_column_text css_animation=&#8221;fadeInLeft&#8221; css=&#8221;.vc_custom_1588154973816{margin-bottom: 15px !important;}&#8221;]<\/p>\n<h2>Koneistus luotettavasti ja nopeasti<\/h2>\n<p><strong>Koneistus on erikoisalaamme. Pystymme tarjoamaan koneistuspalveluja kilpailukykyiseen hintaan, nopeasti ja joustavasti.<\/strong><\/p>\n<p>Osaava tuotantohenkil\u00f6st\u00f6mme ja modernit tuotantotilat takaavat laadukkaan lopputuloksen kaikille tehdasvalmisteisille tuotteillemme. Toimitusaikojen pit\u00e4vyys on kunnia-asiamme ja hintojen kilpailukykyisyydest\u00e4 pid\u00e4mme huolta jatkuvalla toiminnan kehitt\u00e4misell\u00e4.<\/p>\n<p>Sopimusvalmistuksemme kattaa toteutuksen asiakaskuvien perusteella sek\u00e4 toteutuksen suunnitteluineen l\u00e4ht\u00f6tietojen pohjalta.<\/p>\n<p>Laadukas koneistusprosessi on koneen kokoonpanon ja toiminnan perusta. Amitec Projectilla on vuosikymmenien kokemus koneistuksesta ja tuotevalikoimastamme l\u00f6ytyy lukuisa joukko my\u00f6s omia, itse kehitt\u00e4mi\u00e4mme tuotteita.<\/p>\n<p><a href=\"https:\/\/amitec.ee\/fi\/yhteystiedot\/\">Otathan yhteytt\u00e4<\/a> jos haluat tehd\u00e4 yhteisty\u00f6t\u00e4 koneistuksen ammattilaisen kanssa.[\/vc_column_text][\/vc_column][vc_column width=&#8221;1\/2&#8243;][vc_single_image image=&#8221;3347&#8243; img_size=&#8221;full&#8221; alignment=&#8221;center&#8221; css_animation=&#8221;fadeInRight&#8221;][\/vc_column][\/vc_row][vc_row gap=&#8221;15&#8243; css=&#8221;.vc_custom_1586853110824{padding-top: 20px !important;}&#8221;][vc_column width=&#8221;1\/2&#8243;][vc_single_image image=&#8221;3379&#8243; img_size=&#8221;full&#8221; alignment=&#8221;center&#8221; css_animation=&#8221;fadeInLeft&#8221;][\/vc_column][vc_column width=&#8221;1\/2&#8243;][vc_column_text css_animation=&#8221;fadeInRight&#8221; css=&#8221;.vc_custom_1586857629682{margin-bottom: 15px !important;}&#8221;]<\/p>\n<h3>Monipuoliset tuotteet teollisuuden tarpeisiin<\/h3>\n<p><strong>Palvelumme sis\u00e4lt\u00e4v\u00e4t koneistusty\u00f6t monipuolisesti CNC-koneistuksesta ja -sorvauksesta jyrsint\u00e4\u00e4n sek\u00e4 hitsaukseen.<\/strong><\/p>\n<p>Valmistamme osat joustavasti pienemmist\u00e4 erist\u00e4 aina tuhansiin kappaleisiin asti. Suoritamme my\u00f6s koneistuksiin liittyv\u00e4t hitsaus- ja kokoonpanoty\u00f6t.<\/p>\n<p>Amitec Project on ruostumattoman ter\u00e4ksen ammattilainen, mutta koneistuspalvelumme kattaa monipuolisesti my\u00f6s muut materiaalit. K\u00e4sittelemme tottumuksella yleisimpi\u00e4 materiaaleja muoveista ter\u00e4ksiin.<\/p>\n<p>Vuosikymmenien kokemuksen pohjalta pystymme palvelemaan monipuolisesti yrityst\u00e4nne toimialasta ja sijainnista riippumatta. P\u00e4ivit\u00e4mme konekantaamme jatkuvasti ja varmistamme, ett\u00e4 se on alan vaatimalla tasolla.<\/p>\n<p>Amitec Projectin hitsaava henkil\u00f6st\u00f6 on p\u00e4tev\u00f6itetty standardien SFS-EN 287-1 ja SFS-EN 1418 mukaisesti, sek\u00e4 kaikki yrityksen hitsausohjeet hyv\u00e4ksytetty standardin SFS-EN ISO 15614-1 + A1 + A2 mukaisin menettelyin.[\/vc_column_text][\/vc_column][\/vc_row][vc_row gap=&#8221;15&#8243; css=&#8221;.vc_custom_1586853617819{padding-top: 20px !important;}&#8221;][vc_column][vc_column_text css_animation=&#8221;none&#8221; css=&#8221;.vc_custom_1586856444620{margin-bottom: 25px !important;}&#8221;]<\/p>\n<h3 style=\"text-align: center;\">Ota yhteytt\u00e4 ja laitetaan koneistuksenne kuntoon<\/h3>\n<p style=\"text-align: center;\">Amitec Project tarjoaa ammattimaista palveluaan Eestiss\u00e4 ja Euroopassa. Ole yhteydess\u00e4 meihin, kun tarvitset kokenutta ja luotettavaa alan ammattilaista.<\/p>\n<p>[\/vc_column_text][vc_btn title=&#8221;Ota yhteytt\u00e4&#8221; style=&#8221;custom&#8221; custom_background=&#8221;#0089d0&#8243; custom_text=&#8221;#ffffff&#8221; shape=&#8221;square&#8221; size=&#8221;lg&#8221; align=&#8221;center&#8221; link=&#8221;url:https%3A%2F%2Famitec.ee%2Ffi%2Fyhteystiedot%2F|||&#8221;][\/vc_column][\/vc_row]<\/p>\n","protected":false},"excerpt":{"rendered":"<p>[vc_row gap=&#8221;15&#8243; css=&#8221;.vc_custom_1586853103411{padding-bottom: 20px !important;}&#8221;][vc_column width=&#8221;1\/2&#8243;][vc_column_text css_animation=&#8221;fadeInLeft&#8221; css=&#8221;.vc_custom_1588154973816{margin-bottom: 15px !important;}&#8221;] Koneistus luotettavasti ja nopeasti Koneistus on erikoisalaamme. Pystymme tarjoamaan koneistuspalveluja kilpailukykyiseen hintaan, nopeasti ja joustavasti. Osaava tuotantohenkil\u00f6st\u00f6mme ja modernit tuotantotilat takaavat laadukkaan lopputuloksen kaikille tehdasvalmisteisille tuotteillemme. Toimitusaikojen pit\u00e4vyys on kunnia-asiamme ja hintojen kilpailukykyisyydest\u00e4 pid\u00e4mme huolta jatkuvalla toiminnan kehitt\u00e4misell\u00e4. Sopimusvalmistuksemme kattaa toteutuksen asiakaskuvien perusteella sek\u00e4 toteutuksen [&hellip;]<\/p>\n","protected":false},"author":8,"featured_media":0,"parent":0,"menu_order":0,"comment_status":"closed","ping_status":"closed","template":"","meta":{"footnotes":""},"yoast_head":"<!-- This site is optimized with the Yoast SEO plugin v22.1 - https:\/\/yoast.com\/wordpress\/plugins\/seo\/ -->\n<title>Koneistus luotettavasti ja nopeasti - Amitec Project O\u00dc<\/title>\n<meta name=\"description\" content=\"Koneistus on erikoisalaamme. Pystymme tarjoamaan koneistuspalveluja kilpailukykyiseen hintaan, nopeasti ja joustavasti koko Euroopan alueella.\" \/>\n<meta name=\"robots\" content=\"index, follow, max-snippet:-1, max-image-preview:large, max-video-preview:-1\" \/>\n<link rel=\"canonical\" href=\"https:\/\/amitec.ee\/cnc-loiketootlus\/\" \/>\n<meta property=\"og:locale\" content=\"fi_FI\" \/>\n<meta property=\"og:type\" content=\"article\" \/>\n<meta property=\"og:title\" content=\"Koneistus luotettavasti ja nopeasti - Amitec Project O\u00dc\" \/>\n<meta property=\"og:description\" content=\"Koneistus on erikoisalaamme. Pystymme tarjoamaan koneistuspalveluja kilpailukykyiseen hintaan, nopeasti ja joustavasti koko Euroopan alueella.\" \/>\n<meta property=\"og:url\" content=\"https:\/\/amitec.ee\/cnc-loiketootlus\/\" \/>\n<meta property=\"og:site_name\" content=\"Amitec Project\" \/>\n<meta property=\"article:publisher\" content=\"https:\/\/www.facebook.com\/AmitecTartu\/\" \/>\n<meta property=\"article:modified_time\" content=\"2020-04-29T10:09:48+00:00\" \/>\n<meta name=\"twitter:card\" content=\"summary_large_image\" \/>\n<meta name=\"twitter:label1\" content=\"Arvioitu lukuaika\" \/>\n\t<meta name=\"twitter:data1\" content=\"2 minuuttia\" \/>\n<script type=\"application\/ld+json\" class=\"yoast-schema-graph\">{\"@context\":\"https:\/\/schema.org\",\"@graph\":[{\"@type\":\"WebPage\",\"@id\":\"https:\/\/amitec.ee\/cnc-loiketootlus\/\",\"url\":\"https:\/\/amitec.ee\/cnc-loiketootlus\/\",\"name\":\"Koneistus luotettavasti ja nopeasti - Amitec Project O\u00dc\",\"isPartOf\":{\"@id\":\"https:\/\/amitec.ee\/#website\"},\"datePublished\":\"2020-02-24T22:16:44+00:00\",\"dateModified\":\"2020-04-29T10:09:48+00:00\",\"description\":\"Koneistus on erikoisalaamme. Pystymme tarjoamaan koneistuspalveluja kilpailukykyiseen hintaan, nopeasti ja joustavasti koko Euroopan alueella.\",\"breadcrumb\":{\"@id\":\"https:\/\/amitec.ee\/cnc-loiketootlus\/#breadcrumb\"},\"inLanguage\":\"fi\",\"potentialAction\":[{\"@type\":\"ReadAction\",\"target\":[\"https:\/\/amitec.ee\/cnc-loiketootlus\/\"]}]},{\"@type\":\"BreadcrumbList\",\"@id\":\"https:\/\/amitec.ee\/cnc-loiketootlus\/#breadcrumb\",\"itemListElement\":[{\"@type\":\"ListItem\",\"position\":1,\"name\":\"Home\",\"item\":\"https:\/\/amitec.ee\/fi\/\"},{\"@type\":\"ListItem\",\"position\":2,\"name\":\"Koneistus\"}]},{\"@type\":\"WebSite\",\"@id\":\"https:\/\/amitec.ee\/#website\",\"url\":\"https:\/\/amitec.ee\/\",\"name\":\"Amitec Project\",\"description\":\"\",\"publisher\":{\"@id\":\"https:\/\/amitec.ee\/#organization\"},\"potentialAction\":[{\"@type\":\"SearchAction\",\"target\":{\"@type\":\"EntryPoint\",\"urlTemplate\":\"https:\/\/amitec.ee\/?s={search_term_string}\"},\"query-input\":\"required name=search_term_string\"}],\"inLanguage\":\"fi\"},{\"@type\":\"Organization\",\"@id\":\"https:\/\/amitec.ee\/#organization\",\"name\":\"Amitec Project O\u00dc\",\"url\":\"https:\/\/amitec.ee\/\",\"logo\":{\"@type\":\"ImageObject\",\"inLanguage\":\"fi\",\"@id\":\"https:\/\/amitec.ee\/#\/schema\/logo\/image\/\",\"url\":\"https:\/\/amitec.ee\/wp-content\/uploads\/2020\/04\/logo.png\",\"contentUrl\":\"https:\/\/amitec.ee\/wp-content\/uploads\/2020\/04\/logo.png\",\"width\":400,\"height\":67,\"caption\":\"Amitec Project O\u00dc\"},\"image\":{\"@id\":\"https:\/\/amitec.ee\/#\/schema\/logo\/image\/\"},\"sameAs\":[\"https:\/\/www.facebook.com\/AmitecTartu\/\",\"https:\/\/www.linkedin.com\/company\/amitec-project-o\u00fc\/\"]}]}<\/script>\n<!-- \/ Yoast SEO plugin. -->","yoast_head_json":{"title":"Koneistus luotettavasti ja nopeasti - Amitec Project O\u00dc","description":"Koneistus on erikoisalaamme. Pystymme tarjoamaan koneistuspalveluja kilpailukykyiseen hintaan, nopeasti ja joustavasti koko Euroopan alueella.","robots":{"index":"index","follow":"follow","max-snippet":"max-snippet:-1","max-image-preview":"max-image-preview:large","max-video-preview":"max-video-preview:-1"},"canonical":"https:\/\/amitec.ee\/cnc-loiketootlus\/","og_locale":"fi_FI","og_type":"article","og_title":"Koneistus luotettavasti ja nopeasti - Amitec Project O\u00dc","og_description":"Koneistus on erikoisalaamme. Pystymme tarjoamaan koneistuspalveluja kilpailukykyiseen hintaan, nopeasti ja joustavasti koko Euroopan alueella.","og_url":"https:\/\/amitec.ee\/cnc-loiketootlus\/","og_site_name":"Amitec Project","article_publisher":"https:\/\/www.facebook.com\/AmitecTartu\/","article_modified_time":"2020-04-29T10:09:48+00:00","twitter_card":"summary_large_image","twitter_misc":{"Arvioitu lukuaika":"2 minuuttia"},"schema":{"@context":"https:\/\/schema.org","@graph":[{"@type":"WebPage","@id":"https:\/\/amitec.ee\/cnc-loiketootlus\/","url":"https:\/\/amitec.ee\/cnc-loiketootlus\/","name":"Koneistus luotettavasti ja nopeasti - Amitec Project O\u00dc","isPartOf":{"@id":"https:\/\/amitec.ee\/#website"},"datePublished":"2020-02-24T22:16:44+00:00","dateModified":"2020-04-29T10:09:48+00:00","description":"Koneistus on erikoisalaamme. Pystymme tarjoamaan koneistuspalveluja kilpailukykyiseen hintaan, nopeasti ja joustavasti koko Euroopan alueella.","breadcrumb":{"@id":"https:\/\/amitec.ee\/cnc-loiketootlus\/#breadcrumb"},"inLanguage":"fi","potentialAction":[{"@type":"ReadAction","target":["https:\/\/amitec.ee\/cnc-loiketootlus\/"]}]},{"@type":"BreadcrumbList","@id":"https:\/\/amitec.ee\/cnc-loiketootlus\/#breadcrumb","itemListElement":[{"@type":"ListItem","position":1,"name":"Home","item":"https:\/\/amitec.ee\/fi\/"},{"@type":"ListItem","position":2,"name":"Koneistus"}]},{"@type":"WebSite","@id":"https:\/\/amitec.ee\/#website","url":"https:\/\/amitec.ee\/","name":"Amitec Project","description":"","publisher":{"@id":"https:\/\/amitec.ee\/#organization"},"potentialAction":[{"@type":"SearchAction","target":{"@type":"EntryPoint","urlTemplate":"https:\/\/amitec.ee\/?s={search_term_string}"},"query-input":"required name=search_term_string"}],"inLanguage":"fi"},{"@type":"Organization","@id":"https:\/\/amitec.ee\/#organization","name":"Amitec Project O\u00dc","url":"https:\/\/amitec.ee\/","logo":{"@type":"ImageObject","inLanguage":"fi","@id":"https:\/\/amitec.ee\/#\/schema\/logo\/image\/","url":"https:\/\/amitec.ee\/wp-content\/uploads\/2020\/04\/logo.png","contentUrl":"https:\/\/amitec.ee\/wp-content\/uploads\/2020\/04\/logo.png","width":400,"height":67,"caption":"Amitec Project O\u00dc"},"image":{"@id":"https:\/\/amitec.ee\/#\/schema\/logo\/image\/"},"sameAs":["https:\/\/www.facebook.com\/AmitecTartu\/","https:\/\/www.linkedin.com\/company\/amitec-project-o\u00fc\/"]}]}},"_links":{"self":[{"href":"https:\/\/amitec.ee\/fi\/wp-json\/wp\/v2\/pages\/3210"}],"collection":[{"href":"https:\/\/amitec.ee\/fi\/wp-json\/wp\/v2\/pages"}],"about":[{"href":"https:\/\/amitec.ee\/fi\/wp-json\/wp\/v2\/types\/page"}],"author":[{"embeddable":true,"href":"https:\/\/amitec.ee\/fi\/wp-json\/wp\/v2\/users\/8"}],"replies":[{"embeddable":true,"href":"https:\/\/amitec.ee\/fi\/wp-json\/wp\/v2\/comments?post=3210"}],"version-history":[{"count":11,"href":"https:\/\/amitec.ee\/fi\/wp-json\/wp\/v2\/pages\/3210\/revisions"}],"predecessor-version":[{"id":3487,"href":"https:\/\/amitec.ee\/fi\/wp-json\/wp\/v2\/pages\/3210\/revisions\/3487"}],"wp:attachment":[{"href":"https:\/\/amitec.ee\/fi\/wp-json\/wp\/v2\/media?parent=3210"}],"curies":[{"name":"wp","href":"https:\/\/api.w.org\/{rel}","templated":true}]}}