{"id":2875,"date":"2020-01-16T00:13:26","date_gmt":"2020-01-15T22:13:26","guid":{"rendered":"https:\/\/amitec.ee\/?page_id=2875"},"modified":"2020-04-29T13:09:01","modified_gmt":"2020-04-29T10:09:01","slug":"huolto-ja-kunnossapito","status":"publish","type":"page","link":"https:\/\/amitec.ee\/fi\/huolto-ja-kunnossapito\/","title":{"rendered":"Huolto- ja kunnossapito"},"content":{"rendered":"<p>[vc_row gap=&#8221;15&#8243; css=&#8221;.vc_custom_1586853103411{padding-bottom: 20px !important;}&#8221;][vc_column width=&#8221;1\/2&#8243;][vc_column_text css_animation=&#8221;fadeInLeft&#8221; css=&#8221;.vc_custom_1588154926567{margin-bottom: 15px !important;}&#8221;]<\/p>\n<h2>Huolto- ja kunnossapito koko elinkaaren ajan<\/h2>\n<p><strong>Huolto- ja kunnossapito on erikoisalaamme. Palvelemme asiakasyrityksi\u00e4 niiden laitostensa koko elinkaaren ajan. Olemalla mukana koko arvoketjussa ymm\u00e4rr\u00e4mme my\u00f6s huollon ja kunnossapidon tarpeet kaikilla tasoilla.<br \/>\n<\/strong><\/p>\n<p>Amitec Project tarjoaa edistyksellisi\u00e4 kunnossapitopalveluita, joiden l\u00e4ht\u00f6kohtana on eri asiakasryhmien tarpeiden ymm\u00e4rt\u00e4minen. T\u00e4m\u00e4n sis\u00e4ist\u00e4m\u00e4ll\u00e4 voimme tarjota juuri oikeanlaisia kunnossapidon ratkaisuja varmistamaan tuotantonne toimintaa ilman h\u00e4iri\u00f6it\u00e4. Hyv\u00e4 suunnittelu ja ennakointi maksimoi toimintavarmuutta ja minimoi kustannuksia.<\/p>\n<p>Kunnossapitosopimus voi kattaa kokonaiskunnossapidon, jolloin Amitec Project ottaa kokonaisvastuun kunnossapitotoiminnosta ja sen kehitt\u00e4misest\u00e4.<\/p>\n<p>Toimitamme my\u00f6s p\u00e4ivystyspalvelua asiakkaillemme ymp\u00e4ri maailmaa, paikasta riippumatta.<\/p>\n<p><a href=\"https:\/\/amitec.ee\/fi\/yhteystiedot\/\">Otathan yhteytt\u00e4<\/a> jos haluat tehd\u00e4 huolto- ja kunnossapidon ammattilaisen kanssa.[\/vc_column_text][\/vc_column][vc_column width=&#8221;1\/2&#8243;][vc_single_image image=&#8221;3346&#8243; img_size=&#8221;full&#8221; alignment=&#8221;center&#8221; css_animation=&#8221;fadeInRight&#8221;][\/vc_column][\/vc_row][vc_row gap=&#8221;15&#8243; css=&#8221;.vc_custom_1586853110824{padding-top: 20px !important;}&#8221;][vc_column width=&#8221;1\/2&#8243;][vc_single_image image=&#8221;3375&#8243; img_size=&#8221;full&#8221; alignment=&#8221;center&#8221; css_animation=&#8221;fadeInLeft&#8221;][\/vc_column][vc_column width=&#8221;1\/2&#8243;][vc_column_text css_animation=&#8221;fadeInRight&#8221; css=&#8221;.vc_custom_1586854630302{margin-bottom: 15px !important;}&#8221;]<\/p>\n<h3>K\u00e4ytt\u00f6- ja huoltoleasing sopimukset<\/h3>\n<p><strong>Voimme toimittaa sek\u00e4 operoida laitteita ja j\u00e4rjestelmi\u00e4 my\u00f6s erilaisilla leasing-sopimuksilla.<\/strong><\/p>\n<p>Tarvem\u00e4\u00e4rityksen mukaan luotu sopimus mahdollistaa alhaisemman ja kustannustehokkaamman toiminnan aloituksen kevent\u00e4m\u00e4ll\u00e4 l\u00e4ht\u00f6kynnyksen kustannuksia. K\u00e4ynniss\u00e4pitosopimuksella yll\u00e4pid\u00e4mme asiakkaan j\u00e4rjestelm\u00e4\u00e4 kustannustehokkaasti.<\/p>\n<p>J\u00e4rjestelm\u00e4leasing-sopimuksella takaamme asiakkaalle sovitun m\u00e4\u00e4r\u00e4n tuotteita sovitussa ajassa huolehtien itse j\u00e4rjestelm\u00e4n rakentamisesta, operoinnista sek\u00e4 yll\u00e4pidosta.<\/p>\n<p>Voimme tarjota muun muassa k\u00e4ynniss\u00e4pitopalvelua 24\/7 valmiudella, laitteiden leasing-palvelua sis\u00e4lt\u00e4en laitteen rakentamisen, asennuksen ja kunnossapidon sek\u00e4 j\u00e4rjestelm\u00e4leasingia mahdollistaen asiakkaan keskittymisen omaan ydintekemiseens\u00e4.<\/p>\n<p>Amitec Project voi operoida kokonaista toimittamaansa j\u00e4rjestelm\u00e4\u00e4 vastaten toimitusvarmuudesta, toimivuudesta sek\u00e4 jatkuvasta kehitt\u00e4misest\u00e4.[\/vc_column_text][\/vc_column][\/vc_row][vc_row gap=&#8221;15&#8243; css=&#8221;.vc_custom_1586853617819{padding-top: 20px !important;}&#8221;][vc_column][vc_column_text css_animation=&#8221;none&#8221; css=&#8221;.vc_custom_1586854689195{margin-bottom: 25px !important;}&#8221;]<\/p>\n<h3 style=\"text-align: center;\">Ota yhteytt\u00e4 ja laitetaan huolto- ja kunnossapitonne kuntoon<\/h3>\n<p style=\"text-align: center;\">Amitec Project tarjoaa ammattimaista palveluaan Eestiss\u00e4 ja Euroopassa. Ole yhteydess\u00e4 meihin, kun tarvitset kokenutta ja luotettavaa alan ammattilaista.<\/p>\n<p>[\/vc_column_text][vc_btn title=&#8221;Ota yhteytt\u00e4&#8221; style=&#8221;custom&#8221; custom_background=&#8221;#0089d0&#8243; custom_text=&#8221;#ffffff&#8221; shape=&#8221;square&#8221; size=&#8221;lg&#8221; align=&#8221;center&#8221; link=&#8221;url:https%3A%2F%2Famitec.ee%2Ffi%2Fyhteystiedot%2F|||&#8221;][\/vc_column][\/vc_row]<\/p>\n","protected":false},"excerpt":{"rendered":"<p>[vc_row gap=&#8221;15&#8243; css=&#8221;.vc_custom_1586853103411{padding-bottom: 20px !important;}&#8221;][vc_column width=&#8221;1\/2&#8243;][vc_column_text css_animation=&#8221;fadeInLeft&#8221; css=&#8221;.vc_custom_1588154926567{margin-bottom: 15px !important;}&#8221;] Huolto- ja kunnossapito koko elinkaaren ajan Huolto- ja kunnossapito on erikoisalaamme. Palvelemme asiakasyrityksi\u00e4 niiden laitostensa koko elinkaaren ajan. Olemalla mukana koko arvoketjussa ymm\u00e4rr\u00e4mme my\u00f6s huollon ja kunnossapidon tarpeet kaikilla tasoilla. Amitec Project tarjoaa edistyksellisi\u00e4 kunnossapitopalveluita, joiden l\u00e4ht\u00f6kohtana on eri asiakasryhmien tarpeiden ymm\u00e4rt\u00e4minen. T\u00e4m\u00e4n sis\u00e4ist\u00e4m\u00e4ll\u00e4 voimme [&hellip;]<\/p>\n","protected":false},"author":8,"featured_media":0,"parent":0,"menu_order":0,"comment_status":"closed","ping_status":"closed","template":"","meta":{"footnotes":""},"yoast_head":"<!-- This site is optimized with the Yoast SEO plugin v22.1 - https:\/\/yoast.com\/wordpress\/plugins\/seo\/ -->\n<title>Huolto- ja kunnossapito \/ Huoltoleasing - Amitec Project O\u00dc<\/title>\n<meta name=\"description\" content=\"Huolto- ja kunnossapito on erikoisalaamme. Olemalla mukana koko arvoketjussa ymm\u00e4rr\u00e4mme my\u00f6s huollon ja kunnossapidon tarpeet kaikilla tasoilla.\" \/>\n<meta name=\"robots\" content=\"index, follow, max-snippet:-1, max-image-preview:large, max-video-preview:-1\" \/>\n<link rel=\"canonical\" href=\"https:\/\/amitec.ee\/teenindus-ja-hooldus\/\" \/>\n<meta property=\"og:locale\" content=\"fi_FI\" \/>\n<meta property=\"og:type\" content=\"article\" \/>\n<meta property=\"og:title\" content=\"Huolto- ja kunnossapito \/ Huoltoleasing - Amitec Project O\u00dc\" \/>\n<meta property=\"og:description\" content=\"Huolto- ja kunnossapito on erikoisalaamme. Olemalla mukana koko arvoketjussa ymm\u00e4rr\u00e4mme my\u00f6s huollon ja kunnossapidon tarpeet kaikilla tasoilla.\" \/>\n<meta property=\"og:url\" content=\"https:\/\/amitec.ee\/teenindus-ja-hooldus\/\" \/>\n<meta property=\"og:site_name\" content=\"Amitec Project\" \/>\n<meta property=\"article:publisher\" content=\"https:\/\/www.facebook.com\/AmitecTartu\/\" \/>\n<meta property=\"article:modified_time\" content=\"2020-04-29T10:09:01+00:00\" \/>\n<meta name=\"twitter:card\" content=\"summary_large_image\" \/>\n<meta name=\"twitter:label1\" content=\"Arvioitu lukuaika\" \/>\n\t<meta name=\"twitter:data1\" content=\"2 minuuttia\" \/>\n<script type=\"application\/ld+json\" class=\"yoast-schema-graph\">{\"@context\":\"https:\/\/schema.org\",\"@graph\":[{\"@type\":\"WebPage\",\"@id\":\"https:\/\/amitec.ee\/teenindus-ja-hooldus\/\",\"url\":\"https:\/\/amitec.ee\/teenindus-ja-hooldus\/\",\"name\":\"Huolto- ja kunnossapito \/ Huoltoleasing - Amitec Project O\u00dc\",\"isPartOf\":{\"@id\":\"https:\/\/amitec.ee\/#website\"},\"datePublished\":\"2020-01-15T22:13:26+00:00\",\"dateModified\":\"2020-04-29T10:09:01+00:00\",\"description\":\"Huolto- ja kunnossapito on erikoisalaamme. Olemalla mukana koko arvoketjussa ymm\u00e4rr\u00e4mme my\u00f6s huollon ja kunnossapidon tarpeet kaikilla tasoilla.\",\"breadcrumb\":{\"@id\":\"https:\/\/amitec.ee\/teenindus-ja-hooldus\/#breadcrumb\"},\"inLanguage\":\"fi\",\"potentialAction\":[{\"@type\":\"ReadAction\",\"target\":[\"https:\/\/amitec.ee\/teenindus-ja-hooldus\/\"]}]},{\"@type\":\"BreadcrumbList\",\"@id\":\"https:\/\/amitec.ee\/teenindus-ja-hooldus\/#breadcrumb\",\"itemListElement\":[{\"@type\":\"ListItem\",\"position\":1,\"name\":\"Home\",\"item\":\"https:\/\/amitec.ee\/fi\/\"},{\"@type\":\"ListItem\",\"position\":2,\"name\":\"Huolto- ja kunnossapito\"}]},{\"@type\":\"WebSite\",\"@id\":\"https:\/\/amitec.ee\/#website\",\"url\":\"https:\/\/amitec.ee\/\",\"name\":\"Amitec Project\",\"description\":\"\",\"publisher\":{\"@id\":\"https:\/\/amitec.ee\/#organization\"},\"potentialAction\":[{\"@type\":\"SearchAction\",\"target\":{\"@type\":\"EntryPoint\",\"urlTemplate\":\"https:\/\/amitec.ee\/?s={search_term_string}\"},\"query-input\":\"required name=search_term_string\"}],\"inLanguage\":\"fi\"},{\"@type\":\"Organization\",\"@id\":\"https:\/\/amitec.ee\/#organization\",\"name\":\"Amitec Project O\u00dc\",\"url\":\"https:\/\/amitec.ee\/\",\"logo\":{\"@type\":\"ImageObject\",\"inLanguage\":\"fi\",\"@id\":\"https:\/\/amitec.ee\/#\/schema\/logo\/image\/\",\"url\":\"https:\/\/amitec.ee\/wp-content\/uploads\/2020\/04\/logo.png\",\"contentUrl\":\"https:\/\/amitec.ee\/wp-content\/uploads\/2020\/04\/logo.png\",\"width\":400,\"height\":67,\"caption\":\"Amitec Project O\u00dc\"},\"image\":{\"@id\":\"https:\/\/amitec.ee\/#\/schema\/logo\/image\/\"},\"sameAs\":[\"https:\/\/www.facebook.com\/AmitecTartu\/\",\"https:\/\/www.linkedin.com\/company\/amitec-project-o\u00fc\/\"]}]}<\/script>\n<!-- \/ Yoast SEO plugin. -->","yoast_head_json":{"title":"Huolto- ja kunnossapito \/ Huoltoleasing - Amitec Project O\u00dc","description":"Huolto- ja kunnossapito on erikoisalaamme. Olemalla mukana koko arvoketjussa ymm\u00e4rr\u00e4mme my\u00f6s huollon ja kunnossapidon tarpeet kaikilla tasoilla.","robots":{"index":"index","follow":"follow","max-snippet":"max-snippet:-1","max-image-preview":"max-image-preview:large","max-video-preview":"max-video-preview:-1"},"canonical":"https:\/\/amitec.ee\/teenindus-ja-hooldus\/","og_locale":"fi_FI","og_type":"article","og_title":"Huolto- ja kunnossapito \/ Huoltoleasing - Amitec Project O\u00dc","og_description":"Huolto- ja kunnossapito on erikoisalaamme. Olemalla mukana koko arvoketjussa ymm\u00e4rr\u00e4mme my\u00f6s huollon ja kunnossapidon tarpeet kaikilla tasoilla.","og_url":"https:\/\/amitec.ee\/teenindus-ja-hooldus\/","og_site_name":"Amitec Project","article_publisher":"https:\/\/www.facebook.com\/AmitecTartu\/","article_modified_time":"2020-04-29T10:09:01+00:00","twitter_card":"summary_large_image","twitter_misc":{"Arvioitu lukuaika":"2 minuuttia"},"schema":{"@context":"https:\/\/schema.org","@graph":[{"@type":"WebPage","@id":"https:\/\/amitec.ee\/teenindus-ja-hooldus\/","url":"https:\/\/amitec.ee\/teenindus-ja-hooldus\/","name":"Huolto- ja kunnossapito \/ Huoltoleasing - Amitec Project O\u00dc","isPartOf":{"@id":"https:\/\/amitec.ee\/#website"},"datePublished":"2020-01-15T22:13:26+00:00","dateModified":"2020-04-29T10:09:01+00:00","description":"Huolto- ja kunnossapito on erikoisalaamme. Olemalla mukana koko arvoketjussa ymm\u00e4rr\u00e4mme my\u00f6s huollon ja kunnossapidon tarpeet kaikilla tasoilla.","breadcrumb":{"@id":"https:\/\/amitec.ee\/teenindus-ja-hooldus\/#breadcrumb"},"inLanguage":"fi","potentialAction":[{"@type":"ReadAction","target":["https:\/\/amitec.ee\/teenindus-ja-hooldus\/"]}]},{"@type":"BreadcrumbList","@id":"https:\/\/amitec.ee\/teenindus-ja-hooldus\/#breadcrumb","itemListElement":[{"@type":"ListItem","position":1,"name":"Home","item":"https:\/\/amitec.ee\/fi\/"},{"@type":"ListItem","position":2,"name":"Huolto- ja kunnossapito"}]},{"@type":"WebSite","@id":"https:\/\/amitec.ee\/#website","url":"https:\/\/amitec.ee\/","name":"Amitec Project","description":"","publisher":{"@id":"https:\/\/amitec.ee\/#organization"},"potentialAction":[{"@type":"SearchAction","target":{"@type":"EntryPoint","urlTemplate":"https:\/\/amitec.ee\/?s={search_term_string}"},"query-input":"required name=search_term_string"}],"inLanguage":"fi"},{"@type":"Organization","@id":"https:\/\/amitec.ee\/#organization","name":"Amitec Project O\u00dc","url":"https:\/\/amitec.ee\/","logo":{"@type":"ImageObject","inLanguage":"fi","@id":"https:\/\/amitec.ee\/#\/schema\/logo\/image\/","url":"https:\/\/amitec.ee\/wp-content\/uploads\/2020\/04\/logo.png","contentUrl":"https:\/\/amitec.ee\/wp-content\/uploads\/2020\/04\/logo.png","width":400,"height":67,"caption":"Amitec Project O\u00dc"},"image":{"@id":"https:\/\/amitec.ee\/#\/schema\/logo\/image\/"},"sameAs":["https:\/\/www.facebook.com\/AmitecTartu\/","https:\/\/www.linkedin.com\/company\/amitec-project-o\u00fc\/"]}]}},"_links":{"self":[{"href":"https:\/\/amitec.ee\/fi\/wp-json\/wp\/v2\/pages\/2875"}],"collection":[{"href":"https:\/\/amitec.ee\/fi\/wp-json\/wp\/v2\/pages"}],"about":[{"href":"https:\/\/amitec.ee\/fi\/wp-json\/wp\/v2\/types\/page"}],"author":[{"embeddable":true,"href":"https:\/\/amitec.ee\/fi\/wp-json\/wp\/v2\/users\/8"}],"replies":[{"embeddable":true,"href":"https:\/\/amitec.ee\/fi\/wp-json\/wp\/v2\/comments?post=2875"}],"version-history":[{"count":33,"href":"https:\/\/amitec.ee\/fi\/wp-json\/wp\/v2\/pages\/2875\/revisions"}],"predecessor-version":[{"id":3486,"href":"https:\/\/amitec.ee\/fi\/wp-json\/wp\/v2\/pages\/2875\/revisions\/3486"}],"wp:attachment":[{"href":"https:\/\/amitec.ee\/fi\/wp-json\/wp\/v2\/media?parent=2875"}],"curies":[{"name":"wp","href":"https:\/\/api.w.org\/{rel}","templated":true}]}}