{"id":1952,"date":"2016-12-26T10:54:09","date_gmt":"2016-12-26T10:54:09","guid":{"rendered":"https:\/\/amitec.ee\/?page_id=1952"},"modified":"2020-04-29T13:00:49","modified_gmt":"2020-04-29T10:00:49","slug":"laiteasennukset","status":"publish","type":"page","link":"https:\/\/amitec.ee\/fi\/laiteasennukset\/","title":{"rendered":"Laiteasennukset"},"content":{"rendered":"<p>[vc_row gap=&#8221;15&#8243; css=&#8221;.vc_custom_1586853103411{padding-bottom: 20px !important;}&#8221;][vc_column width=&#8221;1\/2&#8243;][vc_column_text css_animation=&#8221;fadeInLeft&#8221; css=&#8221;.vc_custom_1588154435457{margin-bottom: 15px !important;}&#8221;]<\/p>\n<h2>Laiteasennukset teollisuuden tarpeisiin<\/h2>\n<p><strong>Toteutamme teollisuuden laiteasennukset, niin kokonaiset linjastot kuin yksitt\u00e4iset laitteetkin. Toimitamme laitteet sovitettuna asiakkaan tarpeeseen avaimet k\u00e4teen -periaatteella suunnittelusta k\u00e4ytt\u00f6\u00f6nottoon.<\/strong><\/p>\n<p>Laitteistot ovat koneita ja laitteita, jotka toimivat erilaisissa teollisissa prosesseissa. N\u00e4m\u00e4 komponentit suorittavat itsen\u00e4isen toiminnon, osana prosessia tai laajempaa kokonaisuutta.<\/p>\n<p>Teemme laiteasennukset koko Euroopan alueella kokonais- tai osatoimituksena. Oli kohdeprojekti pieni tai suuri, tuomme projektiin aina kohteen vaatiman asiantuntemuksen.<\/p>\n<p>Laaja konekanta ja modernit tuotantotilat pystyv\u00e4t vastaamaan tehokkaasti nykyp\u00e4iv\u00e4n kasvaviin vaatimuksiin.<\/p>\n<p><a href=\"https:\/\/amitec.ee\/fi\/yhteystiedot\/\">Otathan yhteytt\u00e4<\/a> jos haluat tehd\u00e4 yhteisty\u00f6t\u00e4 laiteasennuksen ammattilaisen kanssa.[\/vc_column_text][\/vc_column][vc_column width=&#8221;1\/2&#8243;][vc_single_image image=&#8221;3348&#8243; img_size=&#8221;full&#8221; alignment=&#8221;center&#8221; css_animation=&#8221;fadeInRight&#8221;][\/vc_column][\/vc_row][vc_row gap=&#8221;15&#8243; css=&#8221;.vc_custom_1586853110824{padding-top: 20px !important;}&#8221;][vc_column width=&#8221;1\/2&#8243;][vc_single_image image=&#8221;3386&#8243; img_size=&#8221;full&#8221; alignment=&#8221;center&#8221; css_animation=&#8221;fadeInLeft&#8221;][\/vc_column][vc_column width=&#8221;1\/2&#8243;][vc_column_text css_animation=&#8221;fadeInRight&#8221; css=&#8221;.vc_custom_1586861150183{margin-bottom: 15px !important;}&#8221;]<\/p>\n<h3>Luotettavat ja osaavat tekij\u00e4t<\/h3>\n<p><strong>Asentajiemme laaja kokemus teollisuuden eri aloilla sek\u00e4 kunnossapito- ett\u00e4 asennust\u00f6iss\u00e4 mahdollistaa kokonaisvaltaisen palveluiden tuottamisen.<\/strong><\/p>\n<p>Omalla toiminnallamme, laitteillamme ja palveluillamme haluamme edist\u00e4\u00e4 asiakasyritysten teollisten prosessien turvallisuustasoa sek\u00e4 laatua.<\/p>\n<p>Asiakkaamme toimivat laajasti useilla eri teollisuuden aloilla. Heit\u00e4 kaikkia yhdist\u00e4\u00e4 vahva prosessiosaaminen ja sen my\u00f6t\u00e4 he kohdistavat korkeita vaatimuksia my\u00f6s palvelutoimittajiinsa.<\/p>\n<p>Ammattitaitoiset luokkahitsaajamme ja asentajamme hallitsevat suuremmatkin teollisuuden tarpeisiin sopivat kokonaisuudet. Pitk\u00e4 kokemus ja CE-standardien mukainen kantavien ter\u00e4srakenteiden valmistus takaavat siistin, turvallisen ja kest\u00e4v\u00e4n lopputuloksen.<\/p>\n<p>Amitec Projectin hitsaava henkil\u00f6st\u00f6 on p\u00e4tev\u00f6itetty standardien SFS-EN 287-1 ja SFS-EN 1418 mukaisesti, sek\u00e4 kaikki yrityksen hitsausohjeet hyv\u00e4ksytetty standardin SFS-EN ISO 15614-1 + A1 + A2 mukaisin menettelyin.[\/vc_column_text][\/vc_column][\/vc_row][vc_row gap=&#8221;15&#8243; css=&#8221;.vc_custom_1586853617819{padding-top: 20px !important;}&#8221;][vc_column][vc_column_text css_animation=&#8221;none&#8221; css=&#8221;.vc_custom_1586853625094{margin-bottom: 25px !important;}&#8221;]<\/p>\n<h3 style=\"text-align: center;\">Ota yhteytt\u00e4 ja laitetaan prosessinne kuntoon<\/h3>\n<p style=\"text-align: center;\">Amitec Project tarjoaa ammattimaista palveluaan Eestiss\u00e4 ja Euroopassa. Ole yhteydess\u00e4 meihin, kun tarvitset kokenutta ja luotettavaa alan ammattilaista.<\/p>\n<p>[\/vc_column_text][vc_btn title=&#8221;Ota yhteytt\u00e4&#8221; style=&#8221;custom&#8221; custom_background=&#8221;#0089d0&#8243; custom_text=&#8221;#ffffff&#8221; shape=&#8221;square&#8221; size=&#8221;lg&#8221; align=&#8221;center&#8221; link=&#8221;url:https%3A%2F%2Famitec.ee%2Ffi%2Fyhteystiedot%2F|||&#8221;][\/vc_column][\/vc_row]<\/p>\n","protected":false},"excerpt":{"rendered":"<p>[vc_row gap=&#8221;15&#8243; css=&#8221;.vc_custom_1586853103411{padding-bottom: 20px !important;}&#8221;][vc_column width=&#8221;1\/2&#8243;][vc_column_text css_animation=&#8221;fadeInLeft&#8221; css=&#8221;.vc_custom_1588154435457{margin-bottom: 15px !important;}&#8221;] Laiteasennukset teollisuuden tarpeisiin Toteutamme teollisuuden laiteasennukset, niin kokonaiset linjastot kuin yksitt\u00e4iset laitteetkin. Toimitamme laitteet sovitettuna asiakkaan tarpeeseen avaimet k\u00e4teen -periaatteella suunnittelusta k\u00e4ytt\u00f6\u00f6nottoon. Laitteistot ovat koneita ja laitteita, jotka toimivat erilaisissa teollisissa prosesseissa. N\u00e4m\u00e4 komponentit suorittavat itsen\u00e4isen toiminnon, osana prosessia tai laajempaa kokonaisuutta. Teemme laiteasennukset koko [&hellip;]<\/p>\n","protected":false},"author":8,"featured_media":0,"parent":0,"menu_order":0,"comment_status":"closed","ping_status":"closed","template":"","meta":{"footnotes":""},"yoast_head":"<!-- This site is optimized with the Yoast SEO plugin v22.1 - https:\/\/yoast.com\/wordpress\/plugins\/seo\/ -->\n<title>Laiteasennukset teollisuudelle - Amitec Project O\u00dc<\/title>\n<meta name=\"description\" content=\"Toteutamme teollisuuden laiteasennukset, niin kokonaiset linjastot kuin yksitt\u00e4iset laitteetkin. Toimitamme laitteet sovitettuna asiakkaan tarpeisiin.\" \/>\n<meta name=\"robots\" content=\"index, follow, max-snippet:-1, max-image-preview:large, max-video-preview:-1\" \/>\n<link rel=\"canonical\" href=\"https:\/\/amitec.ee\/seadmete-paigaldus\/\" \/>\n<meta property=\"og:locale\" content=\"fi_FI\" \/>\n<meta property=\"og:type\" content=\"article\" \/>\n<meta property=\"og:title\" content=\"Laiteasennukset teollisuudelle - Amitec Project O\u00dc\" \/>\n<meta property=\"og:description\" content=\"Toteutamme teollisuuden laiteasennukset, niin kokonaiset linjastot kuin yksitt\u00e4iset laitteetkin. Toimitamme laitteet sovitettuna asiakkaan tarpeisiin.\" \/>\n<meta property=\"og:url\" content=\"https:\/\/amitec.ee\/seadmete-paigaldus\/\" \/>\n<meta property=\"og:site_name\" content=\"Amitec Project\" \/>\n<meta property=\"article:publisher\" content=\"https:\/\/www.facebook.com\/AmitecTartu\/\" \/>\n<meta property=\"article:modified_time\" content=\"2020-04-29T10:00:49+00:00\" \/>\n<meta name=\"twitter:card\" content=\"summary_large_image\" \/>\n<meta name=\"twitter:label1\" content=\"Arvioitu lukuaika\" \/>\n\t<meta name=\"twitter:data1\" content=\"2 minuuttia\" \/>\n<script type=\"application\/ld+json\" class=\"yoast-schema-graph\">{\"@context\":\"https:\/\/schema.org\",\"@graph\":[{\"@type\":\"WebPage\",\"@id\":\"https:\/\/amitec.ee\/seadmete-paigaldus\/\",\"url\":\"https:\/\/amitec.ee\/seadmete-paigaldus\/\",\"name\":\"Laiteasennukset teollisuudelle - Amitec Project O\u00dc\",\"isPartOf\":{\"@id\":\"https:\/\/amitec.ee\/#website\"},\"datePublished\":\"2016-12-26T10:54:09+00:00\",\"dateModified\":\"2020-04-29T10:00:49+00:00\",\"description\":\"Toteutamme teollisuuden laiteasennukset, niin kokonaiset linjastot kuin yksitt\u00e4iset laitteetkin. Toimitamme laitteet sovitettuna asiakkaan tarpeisiin.\",\"breadcrumb\":{\"@id\":\"https:\/\/amitec.ee\/seadmete-paigaldus\/#breadcrumb\"},\"inLanguage\":\"fi\",\"potentialAction\":[{\"@type\":\"ReadAction\",\"target\":[\"https:\/\/amitec.ee\/seadmete-paigaldus\/\"]}]},{\"@type\":\"BreadcrumbList\",\"@id\":\"https:\/\/amitec.ee\/seadmete-paigaldus\/#breadcrumb\",\"itemListElement\":[{\"@type\":\"ListItem\",\"position\":1,\"name\":\"Home\",\"item\":\"https:\/\/amitec.ee\/fi\/\"},{\"@type\":\"ListItem\",\"position\":2,\"name\":\"Laiteasennukset\"}]},{\"@type\":\"WebSite\",\"@id\":\"https:\/\/amitec.ee\/#website\",\"url\":\"https:\/\/amitec.ee\/\",\"name\":\"Amitec Project\",\"description\":\"\",\"publisher\":{\"@id\":\"https:\/\/amitec.ee\/#organization\"},\"potentialAction\":[{\"@type\":\"SearchAction\",\"target\":{\"@type\":\"EntryPoint\",\"urlTemplate\":\"https:\/\/amitec.ee\/?s={search_term_string}\"},\"query-input\":\"required name=search_term_string\"}],\"inLanguage\":\"fi\"},{\"@type\":\"Organization\",\"@id\":\"https:\/\/amitec.ee\/#organization\",\"name\":\"Amitec Project O\u00dc\",\"url\":\"https:\/\/amitec.ee\/\",\"logo\":{\"@type\":\"ImageObject\",\"inLanguage\":\"fi\",\"@id\":\"https:\/\/amitec.ee\/#\/schema\/logo\/image\/\",\"url\":\"https:\/\/amitec.ee\/wp-content\/uploads\/2020\/04\/logo.png\",\"contentUrl\":\"https:\/\/amitec.ee\/wp-content\/uploads\/2020\/04\/logo.png\",\"width\":400,\"height\":67,\"caption\":\"Amitec Project O\u00dc\"},\"image\":{\"@id\":\"https:\/\/amitec.ee\/#\/schema\/logo\/image\/\"},\"sameAs\":[\"https:\/\/www.facebook.com\/AmitecTartu\/\",\"https:\/\/www.linkedin.com\/company\/amitec-project-o\u00fc\/\"]}]}<\/script>\n<!-- \/ Yoast SEO plugin. -->","yoast_head_json":{"title":"Laiteasennukset teollisuudelle - Amitec Project O\u00dc","description":"Toteutamme teollisuuden laiteasennukset, niin kokonaiset linjastot kuin yksitt\u00e4iset laitteetkin. Toimitamme laitteet sovitettuna asiakkaan tarpeisiin.","robots":{"index":"index","follow":"follow","max-snippet":"max-snippet:-1","max-image-preview":"max-image-preview:large","max-video-preview":"max-video-preview:-1"},"canonical":"https:\/\/amitec.ee\/seadmete-paigaldus\/","og_locale":"fi_FI","og_type":"article","og_title":"Laiteasennukset teollisuudelle - Amitec Project O\u00dc","og_description":"Toteutamme teollisuuden laiteasennukset, niin kokonaiset linjastot kuin yksitt\u00e4iset laitteetkin. Toimitamme laitteet sovitettuna asiakkaan tarpeisiin.","og_url":"https:\/\/amitec.ee\/seadmete-paigaldus\/","og_site_name":"Amitec Project","article_publisher":"https:\/\/www.facebook.com\/AmitecTartu\/","article_modified_time":"2020-04-29T10:00:49+00:00","twitter_card":"summary_large_image","twitter_misc":{"Arvioitu lukuaika":"2 minuuttia"},"schema":{"@context":"https:\/\/schema.org","@graph":[{"@type":"WebPage","@id":"https:\/\/amitec.ee\/seadmete-paigaldus\/","url":"https:\/\/amitec.ee\/seadmete-paigaldus\/","name":"Laiteasennukset teollisuudelle - Amitec Project O\u00dc","isPartOf":{"@id":"https:\/\/amitec.ee\/#website"},"datePublished":"2016-12-26T10:54:09+00:00","dateModified":"2020-04-29T10:00:49+00:00","description":"Toteutamme teollisuuden laiteasennukset, niin kokonaiset linjastot kuin yksitt\u00e4iset laitteetkin. Toimitamme laitteet sovitettuna asiakkaan tarpeisiin.","breadcrumb":{"@id":"https:\/\/amitec.ee\/seadmete-paigaldus\/#breadcrumb"},"inLanguage":"fi","potentialAction":[{"@type":"ReadAction","target":["https:\/\/amitec.ee\/seadmete-paigaldus\/"]}]},{"@type":"BreadcrumbList","@id":"https:\/\/amitec.ee\/seadmete-paigaldus\/#breadcrumb","itemListElement":[{"@type":"ListItem","position":1,"name":"Home","item":"https:\/\/amitec.ee\/fi\/"},{"@type":"ListItem","position":2,"name":"Laiteasennukset"}]},{"@type":"WebSite","@id":"https:\/\/amitec.ee\/#website","url":"https:\/\/amitec.ee\/","name":"Amitec Project","description":"","publisher":{"@id":"https:\/\/amitec.ee\/#organization"},"potentialAction":[{"@type":"SearchAction","target":{"@type":"EntryPoint","urlTemplate":"https:\/\/amitec.ee\/?s={search_term_string}"},"query-input":"required name=search_term_string"}],"inLanguage":"fi"},{"@type":"Organization","@id":"https:\/\/amitec.ee\/#organization","name":"Amitec Project O\u00dc","url":"https:\/\/amitec.ee\/","logo":{"@type":"ImageObject","inLanguage":"fi","@id":"https:\/\/amitec.ee\/#\/schema\/logo\/image\/","url":"https:\/\/amitec.ee\/wp-content\/uploads\/2020\/04\/logo.png","contentUrl":"https:\/\/amitec.ee\/wp-content\/uploads\/2020\/04\/logo.png","width":400,"height":67,"caption":"Amitec Project O\u00dc"},"image":{"@id":"https:\/\/amitec.ee\/#\/schema\/logo\/image\/"},"sameAs":["https:\/\/www.facebook.com\/AmitecTartu\/","https:\/\/www.linkedin.com\/company\/amitec-project-o\u00fc\/"]}]}},"_links":{"self":[{"href":"https:\/\/amitec.ee\/fi\/wp-json\/wp\/v2\/pages\/1952"}],"collection":[{"href":"https:\/\/amitec.ee\/fi\/wp-json\/wp\/v2\/pages"}],"about":[{"href":"https:\/\/amitec.ee\/fi\/wp-json\/wp\/v2\/types\/page"}],"author":[{"embeddable":true,"href":"https:\/\/amitec.ee\/fi\/wp-json\/wp\/v2\/users\/8"}],"replies":[{"embeddable":true,"href":"https:\/\/amitec.ee\/fi\/wp-json\/wp\/v2\/comments?post=1952"}],"version-history":[{"count":63,"href":"https:\/\/amitec.ee\/fi\/wp-json\/wp\/v2\/pages\/1952\/revisions"}],"predecessor-version":[{"id":3471,"href":"https:\/\/amitec.ee\/fi\/wp-json\/wp\/v2\/pages\/1952\/revisions\/3471"}],"wp:attachment":[{"href":"https:\/\/amitec.ee\/fi\/wp-json\/wp\/v2\/media?parent=1952"}],"curies":[{"name":"wp","href":"https:\/\/api.w.org\/{rel}","templated":true}]}}